{"id":3,"date":"2023-11-02T20:27:37","date_gmt":"2023-11-02T20:27:37","guid":{"rendered":"https:\/\/pancetop.com\/?page_id=3"},"modified":"2024-09-30T10:49:58","modified_gmt":"2024-09-30T09:49:58","slug":"privacy-policy","status":"publish","type":"page","link":"https:\/\/pancetop.com\/en\/privacy-policy\/","title":{"rendered":"Cookies"},"content":{"rendered":"<div data-elementor-type=\"wp-page\" data-elementor-id=\"3\" class=\"elementor elementor-3\">\n\t\t\t\t<div class=\"elementor-element elementor-element-4364c791 e-flex e-con-boxed e-con e-parent\" data-id=\"4364c791\" data-element_type=\"container\">\n\t\t\t\t\t<div class=\"e-con-inner\">\n\t\t\t\t<div class=\"elementor-element elementor-element-5616947d elementor-widget elementor-widget-text-editor\" data-id=\"5616947d\" data-element_type=\"widget\" data-widget_type=\"text-editor.default\">\n\t\t\t\t<div class=\"elementor-widget-container\">\n\t\t\t\t\t\t\t<div class=\"titlebar titlebar--simple container titlebar--small\"><h1>Cookies<\/h1><\/div><div class=\"main__inner container\"><div class=\"main__content\"><div class=\"main__page\"><p class=\"h5\"><strong>Privacy protection<\/strong><\/p><p>Pance \u2013 Top d.o.o. respects your privacy and undertakes to carefully protect personal data obtained through the online information system and will not forward them to a third party or use them for other purposes without your consent. Since there may be certain links in the online information system to other, external websites that are not linked to the Pance - Top d.o.o. websites, we do not assume any responsibility for the protection of data on these websites.<\/p><p>Cookies are information about your visit to websites. When you visit a website, a cookie (file with information) is installed on your computer, which on the one hand ensures simplicity and speed, but on the other hand also represents an invasion of privacy or the possibility of later targeted advertising. \u00a0<\/p><p class=\"h5\"><strong>Cookie content<\/strong><\/p><p>The cookie contains basic information about your visit to a certain website. First of all, the name of your computer or your name and the name of the website visited is recorded. The content of the cookie is stored on your computer in a special directory. By double-clicking on the file, you get more detailed information about the website visited, the date and time of the visit. All this data is also stored by the operator of the website you visited. In this way, a lot can be learned about your computer's hardware and Internet usage.<\/p><p>Cookies can be deleted, excluded or used conditionally with certain settings. Basically, browsers are set to accept cookies, but refuse to set cookies that do not come from the area written in the address bar. \u00a0<\/p><p>Pance \u2013 Top d.o.o.undertakes to protect the data and privacy of website visitors to the best of its ability. In order to prevent unauthorized access to the obtained data or its disclosure, to maintain the accuracy of personal data and to ensure their appropriate use, we use appropriate technical and organizational procedures to secure the data we collect.<\/p><p class=\"h5\"><strong>Cookies used by the website <a href=\"https:\/\/pancetop.com\/en\/\">https:\/\/www.pancetop.\/<\/a><\/strong><\/p><p class=\"h6\"><strong>Cookies used by the website<\/strong><\/p><p>System cookies are part of the platform we use and will be loaded in any case.<\/p><div class=\"table-container\"><table class=\"table-reflow table-bordered table-responsive table-sm\"><tbody><tr><td><strong>The name of the cookie<\/strong><\/td><td><strong>Purpose of use<\/strong><\/td><td><strong>Validity period<\/strong><\/td><td>Company<\/td><\/tr><\/tbody><tbody><tr><td>cookieconsent_status<\/td><td>It stores information about whether you have allowed cookies or not<\/td><td>1 year<\/td><td>Pance &#8211; Top d.o.o.<\/td><\/tr><tr><td>october_session<\/td><td>Stores information about the current session (basket, etc.)<\/td><td>until the end of the session<\/td><td>Pance &#8211; Top d.o.o.<\/td><\/tr><\/tbody><\/table><\/div><p class=\"h6\"><strong>Analytical cookies<\/strong><\/p><p>Analytical cookies will only be loaded if you allow the use of cookies. You can read more about the cookies used by Google Analytics <a href=\"https:\/\/policies.google.com\/privacy?hl=en-US\" target=\"_blank\" rel=\"noopener noreferrer\">here<\/a>.<\/p><div class=\"table-container\"><table class=\"table-reflow table-bordered table-responsive table-sm\"><tbody><tr><td><strong>The name of the cookie<\/strong><\/td><td><strong>Purpose of use<\/strong><\/td><td><strong>Validity period<\/strong><\/td><td>Company<\/td><\/tr><\/tbody><tbody><tr><td>_ga<\/td><td>Google Analytics <br \/>(statistics of website views)<\/td><td>2 years<\/td><td>Google Inc.<\/td><\/tr><tr><td>_gat<\/td><td>Google Analytics <br \/>(statistics of website views)<\/td><td>1 minute<\/td><td>Google Inc.<\/td><\/tr><tr><td>_gid<\/td><td>Google Analytics <br \/>(statistics of website views)<\/td><td>1 day<\/td><td>Google Inc.<\/td><\/tr><\/tbody><\/table><\/div><p class=\"h5\">Disabling cookies<\/p><p>Users can independently decide whether they want to enable the use of cookies. You can control and change cookie settings in your web browser. Information about cookie settings (for different web browsers) is available at the links below:<\/p><ul><li><a href=\"https:\/\/support.google.com\/chrome\/answer\/95647?hl=sl-sl&amp;p=cpn_cookies\" target=\"_blank\" rel=\"noopener noreferrer\">Chrome<\/a><\/li><li><a href=\"http:\/\/support.mozilla.org\/sl\/kb\/Kako%20aktivirate%20in%20deaktivirate%20pi%C5%A1kote\" target=\"_blank\" rel=\"noopener noreferrer\">Firefox<\/a><\/li><li><a href=\"https:\/\/support.microsoft.com\/en-gb\/products\/windows?os=windows-10\" target=\"_blank\" rel=\"noopener noreferrer\">Internet Explorer 9<\/a><\/li><li><a href=\"https:\/\/support.microsoft.com\/en-gb\/help\/17442\/windows-internet-explorer-delete-manage-cookies\" target=\"_blank\" rel=\"noopener noreferrer\">Internet Explorer 7 in 8<\/a><\/li><li><a href=\"https:\/\/www.opera.com\/help\/tutorials\/security\/cookies\/\" target=\"_blank\" rel=\"noopener noreferrer\">Opera<\/a> (page in English)<\/li><li><a href=\"https:\/\/support.apple.com\/kb\/ph5042?locale=en_GB\" target=\"_blank\" rel=\"noopener noreferrer\">Safari<\/a> (page in English)<\/li><\/ul><p>If you turn off cookies, some website options will be disabled.<\/p><\/div><\/div><\/div>\t\t\t\t\t\t<\/div>\n\t\t\t\t<\/div>\n\t\t\t\t\t<\/div>\n\t\t\t\t<\/div>\n\t\t\t\t<\/div>","protected":false},"excerpt":{"rendered":"<p>Pi\u0161kotki Varovanje zasebnosti Pance &#8211; Top d.o.o. spo\u0161tuje va\u0161o zasebnost in se zavezuje, da bo osebne podatke, pridobljene preko spletnega informacijskega sistema, skrbno varovala in jih brez va\u0161e privolitve ne bo posredovala tretji osebi oziroma jih uporabila v druge namene. Ker lahko obstajajo v spletnem informacijskem sistemu dolo\u010dene povezave na druge, zunanje spletne strani, ki [&hellip;]<\/p>","protected":false},"author":1,"featured_media":0,"parent":0,"menu_order":0,"comment_status":"closed","ping_status":"closed","template":"","meta":{"_uag_custom_page_level_css":"","site-sidebar-layout":"default","site-content-layout":"","ast-site-content-layout":"","site-content-style":"default","site-sidebar-style":"default","ast-global-header-display":"","ast-banner-title-visibility":"","ast-main-header-display":"","ast-hfb-above-header-display":"","ast-hfb-below-header-display":"","ast-hfb-mobile-header-display":"","site-post-title":"","ast-breadcrumbs-content":"","ast-featured-img":"","footer-sml-layout":"","theme-transparent-header-meta":"","adv-header-id-meta":"","stick-header-meta":"","header-above-stick-meta":"","header-main-stick-meta":"","header-below-stick-meta":"","astra-migrate-meta-layouts":"default","ast-page-background-enabled":"default","ast-page-background-meta":{"desktop":{"background-color":"var(--ast-global-color-4)","background-image":"","background-repeat":"repeat","background-position":"center center","background-size":"auto","background-attachment":"scroll","background-type":"","background-media":"","overlay-type":"","overlay-color":"","overlay-opacity":"","overlay-gradient":""},"tablet":{"background-color":"","background-image":"","background-repeat":"repeat","background-position":"center center","background-size":"auto","background-attachment":"scroll","background-type":"","background-media":"","overlay-type":"","overlay-color":"","overlay-opacity":"","overlay-gradient":""},"mobile":{"background-color":"","background-image":"","background-repeat":"repeat","background-position":"center center","background-size":"auto","background-attachment":"scroll","background-type":"","background-media":"","overlay-type":"","overlay-color":"","overlay-opacity":"","overlay-gradient":""}},"ast-content-background-meta":{"desktop":{"background-color":"var(--ast-global-color-5)","background-image":"","background-repeat":"repeat","background-position":"center center","background-size":"auto","background-attachment":"scroll","background-type":"","background-media":"","overlay-type":"","overlay-color":"","overlay-opacity":"","overlay-gradient":""},"tablet":{"background-color":"var(--ast-global-color-5)","background-image":"","background-repeat":"repeat","background-position":"center center","background-size":"auto","background-attachment":"scroll","background-type":"","background-media":"","overlay-type":"","overlay-color":"","overlay-opacity":"","overlay-gradient":""},"mobile":{"background-color":"var(--ast-global-color-5)","background-image":"","background-repeat":"repeat","background-position":"center center","background-size":"auto","background-attachment":"scroll","background-type":"","background-media":"","overlay-type":"","overlay-color":"","overlay-opacity":"","overlay-gradient":""}},"footnotes":""},"class_list":["post-3","page","type-page","status-publish","hentry"],"uagb_featured_image_src":{"full":false,"thumbnail":false,"medium":false,"medium_large":false,"large":false,"1536x1536":false,"2048x2048":false,"trp-custom-language-flag":false},"uagb_author_info":{"display_name":"Matej","author_link":"https:\/\/pancetop.com\/en\/author\/ptop21\/"},"uagb_comment_info":0,"uagb_excerpt":"Pi\u0161kotki Varovanje zasebnosti Pance &#8211; Top d.o.o. spo\u0161tuje va\u0161o zasebnost in se zavezuje, da bo osebne podatke, pridobljene preko spletnega informacijskega sistema, skrbno varovala in jih brez va\u0161e privolitve ne bo posredovala tretji osebi oziroma jih uporabila v druge namene. Ker lahko obstajajo v spletnem informacijskem sistemu dolo\u010dene povezave na druge, zunanje spletne strani, ki&hellip;","_links":{"self":[{"href":"https:\/\/pancetop.com\/en\/wp-json\/wp\/v2\/pages\/3","targetHints":{"allow":["GET"]}}],"collection":[{"href":"https:\/\/pancetop.com\/en\/wp-json\/wp\/v2\/pages"}],"about":[{"href":"https:\/\/pancetop.com\/en\/wp-json\/wp\/v2\/types\/page"}],"author":[{"embeddable":true,"href":"https:\/\/pancetop.com\/en\/wp-json\/wp\/v2\/users\/1"}],"replies":[{"embeddable":true,"href":"https:\/\/pancetop.com\/en\/wp-json\/wp\/v2\/comments?post=3"}],"version-history":[{"count":12,"href":"https:\/\/pancetop.com\/en\/wp-json\/wp\/v2\/pages\/3\/revisions"}],"predecessor-version":[{"id":585,"href":"https:\/\/pancetop.com\/en\/wp-json\/wp\/v2\/pages\/3\/revisions\/585"}],"wp:attachment":[{"href":"https:\/\/pancetop.com\/en\/wp-json\/wp\/v2\/media?parent=3"}],"curies":[{"name":"wp","href":"https:\/\/api.w.org\/{rel}","templated":true}]}}