{"id":14,"date":"2023-11-02T23:23:12","date_gmt":"2023-11-02T22:23:12","guid":{"rendered":"https:\/\/pancetop.com\/contact-us\/"},"modified":"2026-01-22T11:58:46","modified_gmt":"2026-01-22T10:58:46","slug":"contact-us","status":"publish","type":"page","link":"https:\/\/pancetop.com\/en\/contact-us\/","title":{"rendered":"Contact"},"content":{"rendered":"<div data-elementor-type=\"wp-page\" data-elementor-id=\"14\" class=\"elementor elementor-14\">\n\t\t\t\t<div class=\"elementor-element elementor-element-c0aef6d e-flex e-con-boxed e-con e-parent\" data-id=\"c0aef6d\" data-element_type=\"container\">\n\t\t\t\t\t<div class=\"e-con-inner\">\n\t\t\t\t<div class=\"elementor-element elementor-element-1cc66ea elementor-widget elementor-widget-spacer\" data-id=\"1cc66ea\" data-element_type=\"widget\" data-widget_type=\"spacer.default\">\n\t\t\t\t<div class=\"elementor-widget-container\">\n\t\t\t\t\t<div class=\"elementor-spacer\">\n\t\t\t<div class=\"elementor-spacer-inner\"><\/div>\n\t\t<\/div>\n\t\t\t\t<\/div>\n\t\t\t\t<\/div>\n\t\t\t\t\t<\/div>\n\t\t\t\t<\/div>\n\t\t<div class=\"elementor-element elementor-element-24c16cf6 e-con-full e-flex elementor-invisible e-con e-parent\" data-id=\"24c16cf6\" data-element_type=\"container\" data-settings=\"{&quot;animation&quot;:&quot;fadeInUp&quot;}\">\n\t\t<div class=\"elementor-element elementor-element-71f79242 e-con-full e-flex e-con e-child\" data-id=\"71f79242\" data-element_type=\"container\">\n\t\t\t\t<div class=\"elementor-element elementor-element-a1eae6f elementor-widget elementor-widget-text-editor\" data-id=\"a1eae6f\" data-element_type=\"widget\" data-widget_type=\"text-editor.default\">\n\t\t\t\t<div class=\"elementor-widget-container\">\n\t\t\t\t\t\t\t<h1>Pance &#8211; Top d.o.o.<\/h1>\t\t\t\t\t\t<\/div>\n\t\t\t\t<\/div>\n\t\t\t\t<div class=\"elementor-element elementor-element-6eec4499 elementor-widget elementor-widget-text-editor\" data-id=\"6eec4499\" data-element_type=\"widget\" data-widget_type=\"text-editor.default\">\n\t\t\t\t<div class=\"elementor-widget-container\">\n\t\t\t\t\t\t\t<h6>Pance 21<\/h6><h6>1293 \u0160marje &#8211; Sap<\/h6><h6>Slovenia<\/h6><h6>\u00a0<\/h6><h6>Phone: +386 41 865 523<\/h6><h6>E-mail address: <a href=\"mailto:info@pancetop.com\">info@pancetop.com<\/a><\/h6>\t\t\t\t\t\t<\/div>\n\t\t\t\t<\/div>\n\t\t\t\t<div class=\"elementor-element elementor-element-4320d51 elementor-widget__width-initial elementor-widget elementor-widget-text-editor\" data-id=\"4320d51\" data-element_type=\"widget\" data-widget_type=\"text-editor.default\">\n\t\t\t\t<div class=\"elementor-widget-container\">\n\t\t\t\t\t\t\t<h6>Director: <strong>Sandi Glavi\u010d<\/strong><\/h6><h6>\u00a0<\/h6><h6>Registration number: <span id=\"ctl00_ctl00_cphMain_cphMainCol_CompanyDetailsData1_CompanyDetailsBranchDetailsData1_rptCD_ctl09_litContent\">5593409000<\/span><\/h6><h6>Tax number: <span id=\"ctl00_ctl00_cphMain_cphMainCol_CompanyDetailsData1_CompanyDetailsBranchDetailsData1_rptCD_ctl10_litContent\">SI 58596089<\/span><\/h6>\t\t\t\t\t\t<\/div>\n\t\t\t\t<\/div>\n\t\t\t\t<\/div>\n\t\t\t\t<\/div>\n\t\t<div class=\"elementor-element elementor-element-9283442 e-flex e-con-boxed e-con e-parent\" data-id=\"9283442\" data-element_type=\"container\">\n\t\t\t\t\t<div class=\"e-con-inner\">\n\t\t\t\t<div class=\"elementor-element elementor-element-807dd74 elementor-widget elementor-widget-spacer\" data-id=\"807dd74\" data-element_type=\"widget\" data-widget_type=\"spacer.default\">\n\t\t\t\t<div class=\"elementor-widget-container\">\n\t\t\t\t\t<div class=\"elementor-spacer\">\n\t\t\t<div class=\"elementor-spacer-inner\"><\/div>\n\t\t<\/div>\n\t\t\t\t<\/div>\n\t\t\t\t<\/div>\n\t\t\t\t\t<\/div>\n\t\t\t\t<\/div>\n\t\t<div class=\"elementor-element elementor-element-64f5695 e-grid e-con-boxed elementor-invisible e-con e-child\" data-id=\"64f5695\" data-element_type=\"container\" data-settings=\"{&quot;animation&quot;:&quot;fadeInUp&quot;}\">\n\t\t\t\t\t<div class=\"e-con-inner\">\n\t\t\t\t<div class=\"elementor-element elementor-element-9c84202 elementor-widget elementor-widget-text-editor\" data-id=\"9c84202\" data-element_type=\"widget\" data-widget_type=\"text-editor.default\">\n\t\t\t\t<div class=\"elementor-widget-container\">\n\t\t\t\t\t\t\t<h2>Contact information:<\/h2>\t\t\t\t\t\t<\/div>\n\t\t\t\t<\/div>\n\t\t\t\t<div class=\"elementor-element elementor-element-edfac3e elementor-widget__width-initial elementor-widget elementor-widget-text-editor\" data-id=\"edfac3e\" data-element_type=\"widget\" data-widget_type=\"text-editor.default\">\n\t\t\t\t<div class=\"elementor-widget-container\">\n\t\t\t\t\t\t\t<h5>\u00a0<\/h5><h5>\u00a0\u00a0 <strong>SANDI GLAVI\u010c<\/strong> &#8211; direktor<\/h5><h5>\u00a0<\/h5><h5>\u00a0\u00a0 +386 41 865 523<\/h5><h5>\u00a0 \u00a0 <a href=\"mailto:sandi@pancetop.com\">sandi@pancetop.com<\/a><\/h5><h5>\u00a0<\/h5>\t\t\t\t\t\t<\/div>\n\t\t\t\t<\/div>\n\t\t\t\t<div class=\"elementor-element elementor-element-8a5c610 elementor-widget__width-initial elementor-widget elementor-widget-text-editor\" data-id=\"8a5c610\" data-element_type=\"widget\" data-widget_type=\"text-editor.default\">\n\t\t\t\t<div class=\"elementor-widget-container\">\n\t\t\t\t\t\t\t<h5>\u00a0<\/h5><h5>\u00a0 <strong>TANJA GLAVI\u010c<\/strong> &#8211; ra\u010dunovodstvo<\/h5><h5>\u00a0<\/h5><h5>\u00a0\u00a0 +386 51 361 820<\/h5><h5>\u00a0\u00a0 <a href=\"mailto:tanja@pancetop.com\">tanja@pancetop.com<\/a><\/h5><h5>\u00a0<\/h5>\t\t\t\t\t\t<\/div>\n\t\t\t\t<\/div>\n\t\t\t\t<div class=\"elementor-element elementor-element-c31ede4 elementor-widget__width-initial elementor-widget elementor-widget-text-editor\" data-id=\"c31ede4\" data-element_type=\"widget\" data-widget_type=\"text-editor.default\">\n\t\t\t\t<div class=\"elementor-widget-container\">\n\t\t\t\t\t\t\t<h5>\u00a0<\/h5><h5>\u00a0\u00a0 <strong>DANIJEL NANGER<\/strong> &#8211; vodja voznega parka, prevozi Slo<\/h5><h5>\u00a0<\/h5><h5>\u00a0\u00a0 +386 31 427 131<\/h5><h5>\u00a0\u00a0\u00a0 <a href=\"mailto:danijel.nanger@pancetop.com\">danijel.nanger@pancetop.com<\/a><\/h5><h5>\u00a0<\/h5>\t\t\t\t\t\t<\/div>\n\t\t\t\t<\/div>\n\t\t\t\t<div class=\"elementor-element elementor-element-0557d2b elementor-widget__width-initial elementor-widget elementor-widget-text-editor\" data-id=\"0557d2b\" data-element_type=\"widget\" data-widget_type=\"text-editor.default\">\n\t\t\t\t<div class=\"elementor-widget-container\">\n\t\t\t\t\t\t\t<h5>\u00a0<\/h5><h5>\u00a0 \u00a0<strong>TOMA\u017d PARKELJ<\/strong> &#8211; prevozi Slo, prevozi tujina<\/h5><h5>\u00a0<\/h5><h5>\u00a0\u00a0 +386 31 320 684<\/h5><h5>\u00a0\u00a0\u00a0 <a href=\"mailto:tomaz.parkelj@pancetop.com\">tomaz.parkelj@pancetop.com<\/a><\/h5><h5>\u00a0<\/h5>\t\t\t\t\t\t<\/div>\n\t\t\t\t<\/div>\n\t\t\t\t<div class=\"elementor-element elementor-element-4ae3468 elementor-widget__width-initial elementor-widget elementor-widget-text-editor\" data-id=\"4ae3468\" data-element_type=\"widget\" data-widget_type=\"text-editor.default\">\n\t\t\t\t<div class=\"elementor-widget-container\">\n\t\t\t\t\t\t\t<h5>\u00a0<\/h5><h5>\u00a0\u00a0 <strong>MARTIN KU\u0160AR <\/strong>&#8211; prevozi tujina<\/h5><h5>\u00a0<\/h5><h5>\u00a0\u00a0 +386 51 213 946<\/h5><h5>\u00a0\u00a0\u00a0 <a href=\"mailto:martin.kusar@pancetop.com\">martin.kusar@pancetop.com<\/a><\/h5><h5>\u00a0<\/h5>\t\t\t\t\t\t<\/div>\n\t\t\t\t<\/div>\n\t\t\t\t<div class=\"elementor-element elementor-element-6b8eb91 elementor-widget__width-initial elementor-widget elementor-widget-text-editor\" data-id=\"6b8eb91\" data-element_type=\"widget\" data-widget_type=\"text-editor.default\">\n\t\t\t\t<div class=\"elementor-widget-container\">\n\t\t\t\t\t\t\t<h5>\u00a0<\/h5><h5>\u00a0 <strong>TANJA GLAVI\u010c<\/strong> &#8211; kadrovska slu\u017eba<\/h5><h5>\u00a0<\/h5><h5>\u00a0\u00a0 +386 51 361 820<\/h5><h5>\u00a0\u00a0 <a href=\"mailto:tanja@pancetop.com\">tanja@pancetop.com<\/a><\/h5><h5>\u00a0<\/h5>\t\t\t\t\t\t<\/div>\n\t\t\t\t<\/div>\n\t\t\t\t\t<\/div>\n\t\t\t\t<\/div>\n\t\t<div class=\"elementor-element elementor-element-fce5011 e-flex e-con-boxed e-con e-parent\" data-id=\"fce5011\" data-element_type=\"container\">\n\t\t\t\t\t<div class=\"e-con-inner\">\n\t\t\t\t<div class=\"elementor-element elementor-element-bd3a2ad elementor-widget elementor-widget-spacer\" data-id=\"bd3a2ad\" data-element_type=\"widget\" data-widget_type=\"spacer.default\">\n\t\t\t\t<div class=\"elementor-widget-container\">\n\t\t\t\t\t<div class=\"elementor-spacer\">\n\t\t\t<div class=\"elementor-spacer-inner\"><\/div>\n\t\t<\/div>\n\t\t\t\t<\/div>\n\t\t\t\t<\/div>\n\t\t\t\t\t<\/div>\n\t\t\t\t<\/div>\n\t\t<div class=\"elementor-element elementor-element-aa9396a e-grid e-con-boxed elementor-invisible e-con e-parent\" data-id=\"aa9396a\" data-element_type=\"container\" data-settings=\"{&quot;animation&quot;:&quot;fadeInUp&quot;}\">\n\t\t\t\t\t<div class=\"e-con-inner\">\n\t\t<div class=\"elementor-element elementor-element-2932ced e-con-full e-flex e-con e-child\" data-id=\"2932ced\" data-element_type=\"container\">\n\t\t\t\t<div class=\"elementor-element elementor-element-0b3f9c9 elementor-widget elementor-widget-google_maps\" data-id=\"0b3f9c9\" data-element_type=\"widget\" data-widget_type=\"google_maps.default\">\n\t\t\t\t<div class=\"elementor-widget-container\">\n\t\t\t\t\t<div class=\"elementor-custom-embed\">\n\t\t\t<iframe loading=\"lazy\"\n\t\t\t\t\tsrc=\"https:\/\/maps.google.com\/maps?q=Pance%2021%2C%20%C5%A0marje%20-%20sap&#038;t=m&#038;z=7&#038;output=embed&#038;iwloc=near\"\n\t\t\t\t\ttitle=\"Pance 21, \u0160marje - sap\"\n\t\t\t\t\taria-label=\"Pance 21, \u0160marje - sap\"\n\t\t\t><\/iframe>\n\t\t<\/div>\n\t\t\t\t<\/div>\n\t\t\t\t<\/div>\n\t\t\t\t<\/div>\n\t\t\t\t\t<\/div>\n\t\t\t\t<\/div>\n\t\t<div class=\"elementor-element elementor-element-a3c917e e-flex e-con-boxed e-con e-parent\" data-id=\"a3c917e\" data-element_type=\"container\">\n\t\t\t\t\t<div class=\"e-con-inner\">\n\t\t\t\t<div class=\"elementor-element elementor-element-9356998 elementor-widget elementor-widget-spacer\" data-id=\"9356998\" data-element_type=\"widget\" data-widget_type=\"spacer.default\">\n\t\t\t\t<div class=\"elementor-widget-container\">\n\t\t\t\t\t<div class=\"elementor-spacer\">\n\t\t\t<div class=\"elementor-spacer-inner\"><\/div>\n\t\t<\/div>\n\t\t\t\t<\/div>\n\t\t\t\t<\/div>\n\t\t\t\t\t<\/div>\n\t\t\t\t<\/div>\n\t\t\t\t<\/div>","protected":false},"excerpt":{"rendered":"<p>Pance &#8211; Top d.o.o. Pance 21 1293 \u0160marje &#8211; Sap Slovenija \u00a0 Telefon: +386 41 865 523 E-naslov: info@pancetop.com Direktor: Sandi Glavi\u010d \u00a0 Mati\u010dna \u0161tevilka: 5593409000 Dav\u010dna \u0161tevilka: SI 58596089 Kontaktni podatki: \u00a0 \u00a0\u00a0 SANDI GLAVI\u010c &#8211; direktor \u00a0 \u00a0\u00a0 +386 41 865 523 \u00a0 \u00a0 sandi@pancetop.com \u00a0 \u00a0 \u00a0 TANJA GLAVI\u010c &#8211; ra\u010dunovodstvo \u00a0 [&hellip;]<\/p>","protected":false},"author":1,"featured_media":19,"parent":0,"menu_order":0,"comment_status":"closed","ping_status":"closed","template":"elementor_header_footer","meta":{"_uag_custom_page_level_css":"","site-sidebar-layout":"default","site-content-layout":"","ast-site-content-layout":"","site-content-style":"default","site-sidebar-style":"default","ast-global-header-display":"","ast-banner-title-visibility":"","ast-main-header-display":"","ast-hfb-above-header-display":"","ast-hfb-below-header-display":"","ast-hfb-mobile-header-display":"","site-post-title":"","ast-breadcrumbs-content":"","ast-featured-img":"","footer-sml-layout":"","theme-transparent-header-meta":"","adv-header-id-meta":"","stick-header-meta":"","header-above-stick-meta":"","header-main-stick-meta":"","header-below-stick-meta":"","astra-migrate-meta-layouts":"default","ast-page-background-enabled":"default","ast-page-background-meta":{"desktop":{"background-color":"var(--ast-global-color-4)","background-image":"","background-repeat":"repeat","background-position":"center center","background-size":"auto","background-attachment":"scroll","background-type":"","background-media":"","overlay-type":"","overlay-color":"","overlay-opacity":"","overlay-gradient":""},"tablet":{"background-color":"","background-image":"","background-repeat":"repeat","background-position":"center center","background-size":"auto","background-attachment":"scroll","background-type":"","background-media":"","overlay-type":"","overlay-color":"","overlay-opacity":"","overlay-gradient":""},"mobile":{"background-color":"","background-image":"","background-repeat":"repeat","background-position":"center center","background-size":"auto","background-attachment":"scroll","background-type":"","background-media":"","overlay-type":"","overlay-color":"","overlay-opacity":"","overlay-gradient":""}},"ast-content-background-meta":{"desktop":{"background-color":"var(--ast-global-color-5)","background-image":"","background-repeat":"repeat","background-position":"center center","background-size":"auto","background-attachment":"scroll","background-type":"","background-media":"","overlay-type":"","overlay-color":"","overlay-opacity":"","overlay-gradient":""},"tablet":{"background-color":"var(--ast-global-color-5)","background-image":"","background-repeat":"repeat","background-position":"center center","background-size":"auto","background-attachment":"scroll","background-type":"","background-media":"","overlay-type":"","overlay-color":"","overlay-opacity":"","overlay-gradient":""},"mobile":{"background-color":"var(--ast-global-color-5)","background-image":"","background-repeat":"repeat","background-position":"center center","background-size":"auto","background-attachment":"scroll","background-type":"","background-media":"","overlay-type":"","overlay-color":"","overlay-opacity":"","overlay-gradient":""}},"footnotes":""},"class_list":["post-14","page","type-page","status-publish","has-post-thumbnail","hentry"],"uagb_featured_image_src":{"full":["https:\/\/pancetop.com\/wp-content\/uploads\/2023\/11\/Contact-Us-400_380.jpg",400,380,false],"thumbnail":["https:\/\/pancetop.com\/wp-content\/uploads\/2023\/11\/Contact-Us-400_380-150x150.jpg",150,150,true],"medium":["https:\/\/pancetop.com\/wp-content\/uploads\/2023\/11\/Contact-Us-400_380-300x285.jpg",300,285,true],"medium_large":["https:\/\/pancetop.com\/wp-content\/uploads\/2023\/11\/Contact-Us-400_380.jpg",400,380,false],"large":["https:\/\/pancetop.com\/wp-content\/uploads\/2023\/11\/Contact-Us-400_380.jpg",400,380,false],"1536x1536":["https:\/\/pancetop.com\/wp-content\/uploads\/2023\/11\/Contact-Us-400_380.jpg",400,380,false],"2048x2048":["https:\/\/pancetop.com\/wp-content\/uploads\/2023\/11\/Contact-Us-400_380.jpg",400,380,false],"trp-custom-language-flag":["https:\/\/pancetop.com\/wp-content\/uploads\/2023\/11\/Contact-Us-400_380.jpg",13,12,false]},"uagb_author_info":{"display_name":"Matej","author_link":"https:\/\/pancetop.com\/en\/author\/ptop21\/"},"uagb_comment_info":0,"uagb_excerpt":"Pance &#8211; Top d.o.o. Pance 21 1293 \u0160marje &#8211; Sap Slovenija \u00a0 Telefon: +386 41 865 523 E-naslov: info@pancetop.com Direktor: Sandi Glavi\u010d \u00a0 Mati\u010dna \u0161tevilka: 5593409000 Dav\u010dna \u0161tevilka: SI 58596089 Kontaktni podatki: \u00a0 \u00a0\u00a0 SANDI GLAVI\u010c &#8211; direktor \u00a0 \u00a0\u00a0 +386 41 865 523 \u00a0 \u00a0 sandi@pancetop.com \u00a0 \u00a0 \u00a0 TANJA GLAVI\u010c &#8211; ra\u010dunovodstvo \u00a0&hellip;","_links":{"self":[{"href":"https:\/\/pancetop.com\/en\/wp-json\/wp\/v2\/pages\/14","targetHints":{"allow":["GET"]}}],"collection":[{"href":"https:\/\/pancetop.com\/en\/wp-json\/wp\/v2\/pages"}],"about":[{"href":"https:\/\/pancetop.com\/en\/wp-json\/wp\/v2\/types\/page"}],"author":[{"embeddable":true,"href":"https:\/\/pancetop.com\/en\/wp-json\/wp\/v2\/users\/1"}],"replies":[{"embeddable":true,"href":"https:\/\/pancetop.com\/en\/wp-json\/wp\/v2\/comments?post=14"}],"version-history":[{"count":141,"href":"https:\/\/pancetop.com\/en\/wp-json\/wp\/v2\/pages\/14\/revisions"}],"predecessor-version":[{"id":601,"href":"https:\/\/pancetop.com\/en\/wp-json\/wp\/v2\/pages\/14\/revisions\/601"}],"wp:featuredmedia":[{"embeddable":true,"href":"https:\/\/pancetop.com\/en\/wp-json\/wp\/v2\/media\/19"}],"wp:attachment":[{"href":"https:\/\/pancetop.com\/en\/wp-json\/wp\/v2\/media?parent=14"}],"curies":[{"name":"wp","href":"https:\/\/api.w.org\/{rel}","templated":true}]}}